{"id":2,"date":"2018-05-08T23:36:30","date_gmt":"2018-05-08T23:36:30","guid":{"rendered":"http:\/\/www.riocasinoallende.com\/wordpress\/?page_id=2"},"modified":"2022-08-11T17:21:55","modified_gmt":"2022-08-11T17:21:55","slug":"areas","status":"publish","type":"page","link":"https:\/\/www.riocasinoallende.com\/wordpress\/areas\/","title":{"rendered":"\u00c1reas de Entretenimiento"},"content":{"rendered":"<hr>\n<h1>Rieles y Multi Juegos<\/h1>\n<h6><span style=\"color: #666699;\">Tenemos para Usted la mayor variedad de juegos tem\u00e1ticos e innovadores de la regi\u00f3n, en los cuales podr\u00e1 divertirse con bonos atractivos y juegos gratis. Con las mejores marcas de nivel mundial<span class=\"importante_2\">:<\/span><\/span><\/h6>\n<div><\/div>\n<div>\n<hr>\n<h1>Zona Bingo<\/h1>\n<h6><span style=\"color: #666699;\">Divi\u00e9rtase con la variedad de temas en nuestras m\u00e1quinas de bingo y viva la emoci\u00f3n de ganarse un acumulado.<\/span><\/h6>\n<div><\/div>\n<\/div>\n<hr>\n<div><\/div>\n","protected":false},"excerpt":{"rendered":"<p>Rieles y Multi Juegos Tenemos para Usted la mayor variedad de juegos tem\u00e1ticos e innovadores de la regi\u00f3n, en los cuales podr\u00e1 divertirse con bonos atractivos y juegos gratis. Con las mejores marcas de nivel mundial: Zona Bingo Divi\u00e9rtase con la variedad de temas en nuestras m\u00e1quinas de bingo y viva la emoci\u00f3n de ganarse [&hellip;]<\/p>\n","protected":false},"author":1,"featured_media":0,"parent":0,"menu_order":0,"comment_status":"closed","ping_status":"open","template":"","meta":[],"_links":{"self":[{"href":"https:\/\/www.riocasinoallende.com\/wordpress\/wp-json\/wp\/v2\/pages\/2"}],"collection":[{"href":"https:\/\/www.riocasinoallende.com\/wordpress\/wp-json\/wp\/v2\/pages"}],"about":[{"href":"https:\/\/www.riocasinoallende.com\/wordpress\/wp-json\/wp\/v2\/types\/page"}],"author":[{"embeddable":true,"href":"https:\/\/www.riocasinoallende.com\/wordpress\/wp-json\/wp\/v2\/users\/1"}],"replies":[{"embeddable":true,"href":"https:\/\/www.riocasinoallende.com\/wordpress\/wp-json\/wp\/v2\/comments?post=2"}],"version-history":[{"count":26,"href":"https:\/\/www.riocasinoallende.com\/wordpress\/wp-json\/wp\/v2\/pages\/2\/revisions"}],"predecessor-version":[{"id":689,"href":"https:\/\/www.riocasinoallende.com\/wordpress\/wp-json\/wp\/v2\/pages\/2\/revisions\/689"}],"wp:attachment":[{"href":"https:\/\/www.riocasinoallende.com\/wordpress\/wp-json\/wp\/v2\/media?parent=2"}],"curies":[{"name":"wp","href":"https:\/\/api.w.org\/{rel}","templated":true}]}}